{"id":142,"date":"2021-07-21T15:35:32","date_gmt":"2021-07-21T13:35:32","guid":{"rendered":"https:\/\/ace-partner.org\/dstn\/?page_id=142"},"modified":"2021-10-21T10:43:21","modified_gmt":"2021-10-21T08:43:21","slug":"centres","status":"publish","type":"page","link":"https:\/\/ace-partner.org\/ramr2d\/centres\/","title":{"rendered":"Centres"},"content":{"rendered":"\n<div class=\"wp-block-cover alignfull has-background-dim-50 has-white-background-color has-background-dim has-parallax\" style=\"background-image:url(https:\/\/ace-partner.org\/ramr2d\/wp-content\/uploads\/sites\/3\/2021\/08\/banner-centres-dstn.jpg);min-height:600px\"><div class=\"wp-block-cover__inner-container is-layout-flow wp-block-cover-is-layout-flow\">\n<h1 class=\"has-text-align-center has-blue-color has-text-color wp-block-heading\">Centres<\/h1>\n<\/div><\/div>\n","protected":false},"excerpt":{"rendered":"","protected":false},"author":1,"featured_media":0,"parent":0,"menu_order":0,"comment_status":"closed","ping_status":"closed","template":"tpl-center.php","meta":{"inline_featured_image":false,"footnotes":""},"acf":[],"yoast_head":"<!-- This site is optimized with the Yoast SEO plugin v20.13 - https:\/\/yoast.com\/wordpress\/plugins\/seo\/ -->\n<title>Les centres de notre r\u00e9seau RAMR2D | ACE Partner<\/title>\n<meta name=\"description\" content=\"Retrouvez ici, l&#039;ensemble des centres et leurs informations appartenant au r\u00e9seau d&#039;activit\u00e9 min\u00e8re responsable et du d\u00e9veloppement durable RAMR2D.\" \/>\n<meta name=\"robots\" content=\"index, follow, max-snippet:-1, max-image-preview:large, max-video-preview:-1\" \/>\n<link rel=\"canonical\" href=\"https:\/\/ace-partner.org\/ramr2d\/centres\/\" \/>\n<meta property=\"og:locale\" content=\"fr_FR\" \/>\n<meta property=\"og:type\" content=\"article\" \/>\n<meta property=\"og:title\" content=\"Les centres de notre r\u00e9seau RAMR2D | ACE Partner\" \/>\n<meta property=\"og:description\" content=\"Retrouvez ici, l&#039;ensemble des centres et leurs informations appartenant au r\u00e9seau d&#039;activit\u00e9 min\u00e8re responsable et du d\u00e9veloppement durable RAMR2D.\" \/>\n<meta property=\"og:url\" content=\"https:\/\/ace-partner.org\/ramr2d\/centres\/\" \/>\n<meta property=\"og:site_name\" content=\"RAMR2D\" \/>\n<meta property=\"article:modified_time\" content=\"2021-10-21T08:43:21+00:00\" \/>\n<meta name=\"twitter:card\" content=\"summary_large_image\" \/>\n<meta name=\"twitter:label1\" content=\"Dur\u00e9e de lecture estim\u00e9e\" \/>\n\t<meta name=\"twitter:data1\" content=\"1 minute\" \/>\n<script type=\"application\/ld+json\" class=\"yoast-schema-graph\">{\"@context\":\"https:\/\/schema.org\",\"@graph\":[{\"@type\":\"WebPage\",\"@id\":\"https:\/\/ace-partner.org\/ramr2d\/centres\/\",\"url\":\"https:\/\/ace-partner.org\/ramr2d\/centres\/\",\"name\":\"Les centres de notre r\u00e9seau RAMR2D | ACE Partner\",\"isPartOf\":{\"@id\":\"https:\/\/ace-partner.org\/ramr2d\/#website\"},\"datePublished\":\"2021-07-21T13:35:32+00:00\",\"dateModified\":\"2021-10-21T08:43:21+00:00\",\"description\":\"Retrouvez ici, l'ensemble des centres et leurs informations appartenant au r\u00e9seau d'activit\u00e9 min\u00e8re responsable et du d\u00e9veloppement durable RAMR2D.\",\"breadcrumb\":{\"@id\":\"https:\/\/ace-partner.org\/ramr2d\/centres\/#breadcrumb\"},\"inLanguage\":\"fr-FR\",\"potentialAction\":[{\"@type\":\"ReadAction\",\"target\":[\"https:\/\/ace-partner.org\/ramr2d\/centres\/\"]}]},{\"@type\":\"BreadcrumbList\",\"@id\":\"https:\/\/ace-partner.org\/ramr2d\/centres\/#breadcrumb\",\"itemListElement\":[{\"@type\":\"ListItem\",\"position\":1,\"name\":\"Accueil\",\"item\":\"https:\/\/ace-partner.org\/ramr2d\/\"},{\"@type\":\"ListItem\",\"position\":2,\"name\":\"Centres\"}]},{\"@type\":\"WebSite\",\"@id\":\"https:\/\/ace-partner.org\/ramr2d\/#website\",\"url\":\"https:\/\/ace-partner.org\/ramr2d\/\",\"name\":\"RAMR2D\",\"description\":\"Activit\u00e9 mini\u00e8re responsable &amp; d\u00e9veloppement durable\",\"publisher\":{\"@id\":\"https:\/\/ace-partner.org\/ramr2d\/#organization\"},\"potentialAction\":[{\"@type\":\"SearchAction\",\"target\":{\"@type\":\"EntryPoint\",\"urlTemplate\":\"https:\/\/ace-partner.org\/ramr2d\/?s={search_term_string}\"},\"query-input\":\"required name=search_term_string\"}],\"inLanguage\":\"fr-FR\"},{\"@type\":\"Organization\",\"@id\":\"https:\/\/ace-partner.org\/ramr2d\/#organization\",\"name\":\"RAMR2D\",\"url\":\"https:\/\/ace-partner.org\/ramr2d\/\",\"logo\":{\"@type\":\"ImageObject\",\"inLanguage\":\"fr-FR\",\"@id\":\"https:\/\/ace-partner.org\/ramr2d\/#\/schema\/logo\/image\/\",\"url\":\"https:\/\/ace-partner.org\/ramr2d\/wp-content\/uploads\/sites\/3\/2021\/08\/RAMR2D.webp\",\"contentUrl\":\"https:\/\/ace-partner.org\/ramr2d\/wp-content\/uploads\/sites\/3\/2021\/08\/RAMR2D.webp\",\"width\":82,\"height\":52,\"caption\":\"RAMR2D\"},\"image\":{\"@id\":\"https:\/\/ace-partner.org\/ramr2d\/#\/schema\/logo\/image\/\"}}]}<\/script>\n<!-- \/ Yoast SEO plugin. -->","yoast_head_json":{"title":"Les centres de notre r\u00e9seau RAMR2D | ACE Partner","description":"Retrouvez ici, l'ensemble des centres et leurs informations appartenant au r\u00e9seau d'activit\u00e9 min\u00e8re responsable et du d\u00e9veloppement durable RAMR2D.","robots":{"index":"index","follow":"follow","max-snippet":"max-snippet:-1","max-image-preview":"max-image-preview:large","max-video-preview":"max-video-preview:-1"},"canonical":"https:\/\/ace-partner.org\/ramr2d\/centres\/","og_locale":"fr_FR","og_type":"article","og_title":"Les centres de notre r\u00e9seau RAMR2D | ACE Partner","og_description":"Retrouvez ici, l'ensemble des centres et leurs informations appartenant au r\u00e9seau d'activit\u00e9 min\u00e8re responsable et du d\u00e9veloppement durable RAMR2D.","og_url":"https:\/\/ace-partner.org\/ramr2d\/centres\/","og_site_name":"RAMR2D","article_modified_time":"2021-10-21T08:43:21+00:00","twitter_card":"summary_large_image","twitter_misc":{"Dur\u00e9e de lecture estim\u00e9e":"1 minute"},"schema":{"@context":"https:\/\/schema.org","@graph":[{"@type":"WebPage","@id":"https:\/\/ace-partner.org\/ramr2d\/centres\/","url":"https:\/\/ace-partner.org\/ramr2d\/centres\/","name":"Les centres de notre r\u00e9seau RAMR2D | ACE Partner","isPartOf":{"@id":"https:\/\/ace-partner.org\/ramr2d\/#website"},"datePublished":"2021-07-21T13:35:32+00:00","dateModified":"2021-10-21T08:43:21+00:00","description":"Retrouvez ici, l'ensemble des centres et leurs informations appartenant au r\u00e9seau d'activit\u00e9 min\u00e8re responsable et du d\u00e9veloppement durable RAMR2D.","breadcrumb":{"@id":"https:\/\/ace-partner.org\/ramr2d\/centres\/#breadcrumb"},"inLanguage":"fr-FR","potentialAction":[{"@type":"ReadAction","target":["https:\/\/ace-partner.org\/ramr2d\/centres\/"]}]},{"@type":"BreadcrumbList","@id":"https:\/\/ace-partner.org\/ramr2d\/centres\/#breadcrumb","itemListElement":[{"@type":"ListItem","position":1,"name":"Accueil","item":"https:\/\/ace-partner.org\/ramr2d\/"},{"@type":"ListItem","position":2,"name":"Centres"}]},{"@type":"WebSite","@id":"https:\/\/ace-partner.org\/ramr2d\/#website","url":"https:\/\/ace-partner.org\/ramr2d\/","name":"RAMR2D","description":"Activit\u00e9 mini\u00e8re responsable &amp; d\u00e9veloppement durable","publisher":{"@id":"https:\/\/ace-partner.org\/ramr2d\/#organization"},"potentialAction":[{"@type":"SearchAction","target":{"@type":"EntryPoint","urlTemplate":"https:\/\/ace-partner.org\/ramr2d\/?s={search_term_string}"},"query-input":"required name=search_term_string"}],"inLanguage":"fr-FR"},{"@type":"Organization","@id":"https:\/\/ace-partner.org\/ramr2d\/#organization","name":"RAMR2D","url":"https:\/\/ace-partner.org\/ramr2d\/","logo":{"@type":"ImageObject","inLanguage":"fr-FR","@id":"https:\/\/ace-partner.org\/ramr2d\/#\/schema\/logo\/image\/","url":"https:\/\/ace-partner.org\/ramr2d\/wp-content\/uploads\/sites\/3\/2021\/08\/RAMR2D.webp","contentUrl":"https:\/\/ace-partner.org\/ramr2d\/wp-content\/uploads\/sites\/3\/2021\/08\/RAMR2D.webp","width":82,"height":52,"caption":"RAMR2D"},"image":{"@id":"https:\/\/ace-partner.org\/ramr2d\/#\/schema\/logo\/image\/"}}]}},"_links":{"self":[{"href":"https:\/\/ace-partner.org\/ramr2d\/wp-json\/wp\/v2\/pages\/142"}],"collection":[{"href":"https:\/\/ace-partner.org\/ramr2d\/wp-json\/wp\/v2\/pages"}],"about":[{"href":"https:\/\/ace-partner.org\/ramr2d\/wp-json\/wp\/v2\/types\/page"}],"author":[{"embeddable":true,"href":"https:\/\/ace-partner.org\/ramr2d\/wp-json\/wp\/v2\/users\/1"}],"replies":[{"embeddable":true,"href":"https:\/\/ace-partner.org\/ramr2d\/wp-json\/wp\/v2\/comments?post=142"}],"version-history":[{"count":1,"href":"https:\/\/ace-partner.org\/ramr2d\/wp-json\/wp\/v2\/pages\/142\/revisions"}],"predecessor-version":[{"id":195,"href":"https:\/\/ace-partner.org\/ramr2d\/wp-json\/wp\/v2\/pages\/142\/revisions\/195"}],"wp:attachment":[{"href":"https:\/\/ace-partner.org\/ramr2d\/wp-json\/wp\/v2\/media?parent=142"}],"curies":[{"name":"wp","href":"https:\/\/api.w.org\/{rel}","templated":true}]}}