{"id":159,"date":"2021-08-11T13:49:00","date_gmt":"2021-08-11T11:49:00","guid":{"rendered":"https:\/\/ace-partner.org\/ramr2d\/?page_id=159"},"modified":"2023-02-06T15:13:02","modified_gmt":"2023-02-06T14:13:02","slug":"formations","status":"publish","type":"page","link":"https:\/\/ace-partner.org\/ramr2d\/formations\/","title":{"rendered":"Formations"},"content":{"rendered":"\n<div class=\"wp-block-cover alignfull is-light has-parallax\" style=\"min-height:600px\"><span aria-hidden=\"true\" class=\"wp-block-cover__background has-white-background-color has-background-dim-50 has-background-dim\"><\/span><div role=\"img\" class=\"wp-block-cover__image-background wp-image-164 has-parallax\" style=\"background-position:50% 50%;background-image:url(https:\/\/ace-partner.org\/ramr2d\/wp-content\/uploads\/sites\/3\/2021\/08\/a-propos-dstn.jpg)\"><\/div><div class=\"wp-block-cover__inner-container is-layout-flow wp-block-cover-is-layout-flow\">\n<h1 class=\"has-text-align-center has-blue-color has-text-color wp-block-heading\">Formations<\/h1>\n<\/div><\/div>\n\n\n\n<h2 class=\"has-text-align-center wp-block-heading\">LES FORMATIONS<\/h2>\n","protected":false},"excerpt":{"rendered":"<p>LES FORMATIONS<\/p>\n","protected":false},"author":1,"featured_media":0,"parent":0,"menu_order":0,"comment_status":"closed","ping_status":"closed","template":"tpl-training.php","meta":{"inline_featured_image":false,"footnotes":""},"acf":[],"yoast_head":"<!-- This site is optimized with the Yoast SEO plugin v20.13 - https:\/\/yoast.com\/wordpress\/plugins\/seo\/ -->\n<title>Formations - RAMR2D<\/title>\n<meta name=\"robots\" content=\"index, follow, max-snippet:-1, max-image-preview:large, max-video-preview:-1\" \/>\n<link rel=\"canonical\" href=\"https:\/\/ace-partner.org\/ramr2d\/formations\/\" \/>\n<meta property=\"og:locale\" content=\"fr_FR\" \/>\n<meta property=\"og:type\" content=\"article\" \/>\n<meta property=\"og:title\" content=\"Formations - RAMR2D\" \/>\n<meta property=\"og:description\" content=\"LES FORMATIONS\" \/>\n<meta property=\"og:url\" content=\"https:\/\/ace-partner.org\/ramr2d\/formations\/\" \/>\n<meta property=\"og:site_name\" content=\"RAMR2D\" \/>\n<meta property=\"article:modified_time\" content=\"2023-02-06T14:13:02+00:00\" \/>\n<meta name=\"twitter:card\" content=\"summary_large_image\" \/>\n<meta name=\"twitter:label1\" content=\"Dur\u00e9e de lecture estim\u00e9e\" \/>\n\t<meta name=\"twitter:data1\" content=\"1 minute\" \/>\n<script type=\"application\/ld+json\" class=\"yoast-schema-graph\">{\"@context\":\"https:\/\/schema.org\",\"@graph\":[{\"@type\":\"WebPage\",\"@id\":\"https:\/\/ace-partner.org\/ramr2d\/formations\/\",\"url\":\"https:\/\/ace-partner.org\/ramr2d\/formations\/\",\"name\":\"Formations - RAMR2D\",\"isPartOf\":{\"@id\":\"https:\/\/ace-partner.org\/ramr2d\/#website\"},\"datePublished\":\"2021-08-11T11:49:00+00:00\",\"dateModified\":\"2023-02-06T14:13:02+00:00\",\"breadcrumb\":{\"@id\":\"https:\/\/ace-partner.org\/ramr2d\/formations\/#breadcrumb\"},\"inLanguage\":\"fr-FR\",\"potentialAction\":[{\"@type\":\"ReadAction\",\"target\":[\"https:\/\/ace-partner.org\/ramr2d\/formations\/\"]}]},{\"@type\":\"BreadcrumbList\",\"@id\":\"https:\/\/ace-partner.org\/ramr2d\/formations\/#breadcrumb\",\"itemListElement\":[{\"@type\":\"ListItem\",\"position\":1,\"name\":\"Accueil\",\"item\":\"https:\/\/ace-partner.org\/ramr2d\/\"},{\"@type\":\"ListItem\",\"position\":2,\"name\":\"Formations\"}]},{\"@type\":\"WebSite\",\"@id\":\"https:\/\/ace-partner.org\/ramr2d\/#website\",\"url\":\"https:\/\/ace-partner.org\/ramr2d\/\",\"name\":\"RAMR2D\",\"description\":\"Activit\u00e9 mini\u00e8re responsable &amp; d\u00e9veloppement durable\",\"publisher\":{\"@id\":\"https:\/\/ace-partner.org\/ramr2d\/#organization\"},\"potentialAction\":[{\"@type\":\"SearchAction\",\"target\":{\"@type\":\"EntryPoint\",\"urlTemplate\":\"https:\/\/ace-partner.org\/ramr2d\/?s={search_term_string}\"},\"query-input\":\"required name=search_term_string\"}],\"inLanguage\":\"fr-FR\"},{\"@type\":\"Organization\",\"@id\":\"https:\/\/ace-partner.org\/ramr2d\/#organization\",\"name\":\"RAMR2D\",\"url\":\"https:\/\/ace-partner.org\/ramr2d\/\",\"logo\":{\"@type\":\"ImageObject\",\"inLanguage\":\"fr-FR\",\"@id\":\"https:\/\/ace-partner.org\/ramr2d\/#\/schema\/logo\/image\/\",\"url\":\"https:\/\/ace-partner.org\/ramr2d\/wp-content\/uploads\/sites\/3\/2021\/08\/RAMR2D.webp\",\"contentUrl\":\"https:\/\/ace-partner.org\/ramr2d\/wp-content\/uploads\/sites\/3\/2021\/08\/RAMR2D.webp\",\"width\":82,\"height\":52,\"caption\":\"RAMR2D\"},\"image\":{\"@id\":\"https:\/\/ace-partner.org\/ramr2d\/#\/schema\/logo\/image\/\"}}]}<\/script>\n<!-- \/ Yoast SEO plugin. -->","yoast_head_json":{"title":"Formations - RAMR2D","robots":{"index":"index","follow":"follow","max-snippet":"max-snippet:-1","max-image-preview":"max-image-preview:large","max-video-preview":"max-video-preview:-1"},"canonical":"https:\/\/ace-partner.org\/ramr2d\/formations\/","og_locale":"fr_FR","og_type":"article","og_title":"Formations - RAMR2D","og_description":"LES FORMATIONS","og_url":"https:\/\/ace-partner.org\/ramr2d\/formations\/","og_site_name":"RAMR2D","article_modified_time":"2023-02-06T14:13:02+00:00","twitter_card":"summary_large_image","twitter_misc":{"Dur\u00e9e de lecture estim\u00e9e":"1 minute"},"schema":{"@context":"https:\/\/schema.org","@graph":[{"@type":"WebPage","@id":"https:\/\/ace-partner.org\/ramr2d\/formations\/","url":"https:\/\/ace-partner.org\/ramr2d\/formations\/","name":"Formations - RAMR2D","isPartOf":{"@id":"https:\/\/ace-partner.org\/ramr2d\/#website"},"datePublished":"2021-08-11T11:49:00+00:00","dateModified":"2023-02-06T14:13:02+00:00","breadcrumb":{"@id":"https:\/\/ace-partner.org\/ramr2d\/formations\/#breadcrumb"},"inLanguage":"fr-FR","potentialAction":[{"@type":"ReadAction","target":["https:\/\/ace-partner.org\/ramr2d\/formations\/"]}]},{"@type":"BreadcrumbList","@id":"https:\/\/ace-partner.org\/ramr2d\/formations\/#breadcrumb","itemListElement":[{"@type":"ListItem","position":1,"name":"Accueil","item":"https:\/\/ace-partner.org\/ramr2d\/"},{"@type":"ListItem","position":2,"name":"Formations"}]},{"@type":"WebSite","@id":"https:\/\/ace-partner.org\/ramr2d\/#website","url":"https:\/\/ace-partner.org\/ramr2d\/","name":"RAMR2D","description":"Activit\u00e9 mini\u00e8re responsable &amp; d\u00e9veloppement durable","publisher":{"@id":"https:\/\/ace-partner.org\/ramr2d\/#organization"},"potentialAction":[{"@type":"SearchAction","target":{"@type":"EntryPoint","urlTemplate":"https:\/\/ace-partner.org\/ramr2d\/?s={search_term_string}"},"query-input":"required name=search_term_string"}],"inLanguage":"fr-FR"},{"@type":"Organization","@id":"https:\/\/ace-partner.org\/ramr2d\/#organization","name":"RAMR2D","url":"https:\/\/ace-partner.org\/ramr2d\/","logo":{"@type":"ImageObject","inLanguage":"fr-FR","@id":"https:\/\/ace-partner.org\/ramr2d\/#\/schema\/logo\/image\/","url":"https:\/\/ace-partner.org\/ramr2d\/wp-content\/uploads\/sites\/3\/2021\/08\/RAMR2D.webp","contentUrl":"https:\/\/ace-partner.org\/ramr2d\/wp-content\/uploads\/sites\/3\/2021\/08\/RAMR2D.webp","width":82,"height":52,"caption":"RAMR2D"},"image":{"@id":"https:\/\/ace-partner.org\/ramr2d\/#\/schema\/logo\/image\/"}}]}},"_links":{"self":[{"href":"https:\/\/ace-partner.org\/ramr2d\/wp-json\/wp\/v2\/pages\/159"}],"collection":[{"href":"https:\/\/ace-partner.org\/ramr2d\/wp-json\/wp\/v2\/pages"}],"about":[{"href":"https:\/\/ace-partner.org\/ramr2d\/wp-json\/wp\/v2\/types\/page"}],"author":[{"embeddable":true,"href":"https:\/\/ace-partner.org\/ramr2d\/wp-json\/wp\/v2\/users\/1"}],"replies":[{"embeddable":true,"href":"https:\/\/ace-partner.org\/ramr2d\/wp-json\/wp\/v2\/comments?post=159"}],"version-history":[{"count":3,"href":"https:\/\/ace-partner.org\/ramr2d\/wp-json\/wp\/v2\/pages\/159\/revisions"}],"predecessor-version":[{"id":900,"href":"https:\/\/ace-partner.org\/ramr2d\/wp-json\/wp\/v2\/pages\/159\/revisions\/900"}],"wp:attachment":[{"href":"https:\/\/ace-partner.org\/ramr2d\/wp-json\/wp\/v2\/media?parent=159"}],"curies":[{"name":"wp","href":"https:\/\/api.w.org\/{rel}","templated":true}]}}